{"id":259,"date":"2021-11-02T22:09:05","date_gmt":"2021-11-02T21:09:05","guid":{"rendered":"https:\/\/jj.yiddish.paris\/media\/"},"modified":"2021-11-05T15:51:16","modified_gmt":"2021-11-05T14:51:16","slug":"media","status":"publish","type":"page","link":"https:\/\/jj.yiddish.paris\/en\/media\/","title":{"rendered":"media"},"content":{"rendered":"\n<ul class=\"wp-block-list\"><li><a href=\"https:\/\/radiorcj.info\/diffusions\/shahar-fineberg-aux-coulisses-du-troim-teater\/\">Radio broadcast of <em>Yiddish haynt<\/em> on RCJ from February 18, 2021: &#8220;Shahar Fineberg behind the scenes with the Troym Teater&#8221;.<\/a><\/li><li><a href=\"https:\/\/radiorcj.info\/diffusions\/invite-de-shahar-fineberg-le-troim-teater\/\">Radio broadcast of <em>Yiddish haynt<\/em> on RCJ from October 21, 2021 on the play&#8217;s performance at Th\u00e9\u00e2tre de l&#8217;Opprim\u00e9.<\/a><\/li><li><a href=\"https:\/\/jj.yiddish.paris\/wp-content\/uploads\/2021\/10\/La-presse-nouvelle-10-2021.pdf\">Article by Karolina Wolfzahn, <em>Presse Nouvelle Magazine<\/em>, n\u00b0 389, October 2021.<\/a><\/li><\/ul>","protected":false},"excerpt":{"rendered":"<p>Radio broadcast of Yiddish haynt on RCJ from February 18, 2021: &#8220;Shahar Fineberg behind the scenes with the Troym Teater&#8221;. Radio broadcast of Yiddish haynt on RCJ from October 21, 2021 on the play&#8217;s performance at Th\u00e9\u00e2tre de l&#8217;Opprim\u00e9. Article by Karolina Wolfzahn, Presse Nouvelle Magazine, n\u00b0 389, October 2021.<\/p>\n","protected":false},"author":2,"featured_media":0,"parent":0,"menu_order":0,"comment_status":"closed","ping_status":"closed","template":"","meta":{"footnotes":""},"class_list":["post-259","page","type-page","status-publish","hentry"],"aioseo_notices":[],"_links":{"self":[{"href":"https:\/\/jj.yiddish.paris\/en\/wp-json\/wp\/v2\/pages\/259","targetHints":{"allow":["GET"]}}],"collection":[{"href":"https:\/\/jj.yiddish.paris\/en\/wp-json\/wp\/v2\/pages"}],"about":[{"href":"https:\/\/jj.yiddish.paris\/en\/wp-json\/wp\/v2\/types\/page"}],"author":[{"embeddable":true,"href":"https:\/\/jj.yiddish.paris\/en\/wp-json\/wp\/v2\/users\/2"}],"replies":[{"embeddable":true,"href":"https:\/\/jj.yiddish.paris\/en\/wp-json\/wp\/v2\/comments?post=259"}],"version-history":[{"count":2,"href":"https:\/\/jj.yiddish.paris\/en\/wp-json\/wp\/v2\/pages\/259\/revisions"}],"predecessor-version":[{"id":341,"href":"https:\/\/jj.yiddish.paris\/en\/wp-json\/wp\/v2\/pages\/259\/revisions\/341"}],"wp:attachment":[{"href":"https:\/\/jj.yiddish.paris\/en\/wp-json\/wp\/v2\/media?parent=259"}],"curies":[{"name":"wp","href":"https:\/\/api.w.org\/{rel}","templated":true}]}}