{"id":254,"date":"2021-11-02T22:00:17","date_gmt":"2021-11-02T21:00:17","guid":{"rendered":"https:\/\/jj.yiddish.paris\/performances\/"},"modified":"2023-04-29T23:34:51","modified_gmt":"2023-04-29T21:34:51","slug":"performances","status":"publish","type":"page","link":"https:\/\/jj.yiddish.paris\/en\/performances\/","title":{"rendered":"performances"},"content":{"rendered":"\n<p>The play was performed at <strong>Th\u00e9\u00e2tre de l&#8217;Opprim\u00e9<\/strong> (Paris) from October 13 to 17, 2021 and from February 8 to 12, 2023, to a full house.<\/p>\n\n\n\n<figure class=\"wp-block-gallery columns-3 is-cropped wp-block-gallery-1 is-layout-flex wp-block-gallery-is-layout-flex\"><ul class=\"blocks-gallery-grid\"><li class=\"blocks-gallery-item\"><figure><a href=\"https:\/\/jj.yiddish.paris\/wp-content\/uploads\/2021\/10\/JJ1_Elia-Fisbein_s-1024x694.jpg\"><img loading=\"lazy\" decoding=\"async\" width=\"1024\" height=\"694\" src=\"https:\/\/jj.yiddish.paris\/wp-content\/uploads\/2021\/10\/JJ1_Elia-Fisbein_s-1024x694.jpg\" alt=\"\" data-id=\"172\" data-full-url=\"https:\/\/jj.yiddish.paris\/wp-content\/uploads\/2021\/10\/JJ1_Elia-Fisbein_s.jpg\" data-link=\"https:\/\/jj.yiddish.paris\/?attachment_id=172\" class=\"wp-image-248\" srcset=\"https:\/\/jj.yiddish.paris\/wp-content\/uploads\/2021\/10\/JJ1_Elia-Fisbein_s-1024x694.jpg 1024w, https:\/\/jj.yiddish.paris\/wp-content\/uploads\/2021\/10\/JJ1_Elia-Fisbein_s-300x203.jpg 300w, https:\/\/jj.yiddish.paris\/wp-content\/uploads\/2021\/10\/JJ1_Elia-Fisbein_s-768x521.jpg 768w, https:\/\/jj.yiddish.paris\/wp-content\/uploads\/2021\/10\/JJ1_Elia-Fisbein_s-1536x1041.jpg 1536w, https:\/\/jj.yiddish.paris\/wp-content\/uploads\/2021\/10\/JJ1_Elia-Fisbein_s.jpg 2000w\" sizes=\"auto, (max-width: 767px) 89vw, (max-width: 1000px) 54vw, (max-width: 1071px) 543px, 580px\" \/><\/a><\/figure><\/li><li class=\"blocks-gallery-item\"><figure><a href=\"https:\/\/jj.yiddish.paris\/wp-content\/uploads\/2021\/10\/JJ2_Elia-Fisbein_s-1024x499.jpg\"><img loading=\"lazy\" decoding=\"async\" width=\"1024\" height=\"499\" src=\"https:\/\/jj.yiddish.paris\/wp-content\/uploads\/2021\/10\/JJ2_Elia-Fisbein_s-1024x499.jpg\" alt=\"\" data-id=\"173\" data-full-url=\"https:\/\/jj.yiddish.paris\/wp-content\/uploads\/2021\/10\/JJ2_Elia-Fisbein_s.jpg\" data-link=\"https:\/\/jj.yiddish.paris\/?attachment_id=173\" class=\"wp-image-249\" srcset=\"https:\/\/jj.yiddish.paris\/wp-content\/uploads\/2021\/10\/JJ2_Elia-Fisbein_s-1024x499.jpg 1024w, https:\/\/jj.yiddish.paris\/wp-content\/uploads\/2021\/10\/JJ2_Elia-Fisbein_s-300x146.jpg 300w, https:\/\/jj.yiddish.paris\/wp-content\/uploads\/2021\/10\/JJ2_Elia-Fisbein_s-768x374.jpg 768w, https:\/\/jj.yiddish.paris\/wp-content\/uploads\/2021\/10\/JJ2_Elia-Fisbein_s-1536x749.jpg 1536w, https:\/\/jj.yiddish.paris\/wp-content\/uploads\/2021\/10\/JJ2_Elia-Fisbein_s.jpg 2000w\" sizes=\"auto, (max-width: 767px) 89vw, (max-width: 1000px) 54vw, (max-width: 1071px) 543px, 580px\" \/><\/a><\/figure><\/li><li class=\"blocks-gallery-item\"><figure><a href=\"https:\/\/jj.yiddish.paris\/wp-content\/uploads\/2021\/10\/JJ5_Elia-Fisbein_s-1024x680.jpg\"><img loading=\"lazy\" decoding=\"async\" width=\"1024\" height=\"680\" src=\"https:\/\/jj.yiddish.paris\/wp-content\/uploads\/2021\/10\/JJ5_Elia-Fisbein_s-1024x680.jpg\" alt=\"\" data-id=\"176\" data-full-url=\"https:\/\/jj.yiddish.paris\/wp-content\/uploads\/2021\/10\/JJ5_Elia-Fisbein_s.jpg\" data-link=\"https:\/\/jj.yiddish.paris\/?attachment_id=176\" class=\"wp-image-252\" srcset=\"https:\/\/jj.yiddish.paris\/wp-content\/uploads\/2021\/10\/JJ5_Elia-Fisbein_s-1024x680.jpg 1024w, https:\/\/jj.yiddish.paris\/wp-content\/uploads\/2021\/10\/JJ5_Elia-Fisbein_s-300x199.jpg 300w, https:\/\/jj.yiddish.paris\/wp-content\/uploads\/2021\/10\/JJ5_Elia-Fisbein_s-768x510.jpg 768w, https:\/\/jj.yiddish.paris\/wp-content\/uploads\/2021\/10\/JJ5_Elia-Fisbein_s-1536x1020.jpg 1536w, https:\/\/jj.yiddish.paris\/wp-content\/uploads\/2021\/10\/JJ5_Elia-Fisbein_s.jpg 2000w\" sizes=\"auto, (max-width: 767px) 89vw, (max-width: 1000px) 54vw, (max-width: 1071px) 543px, 580px\" \/><\/a><\/figure><\/li><li class=\"blocks-gallery-item\"><figure><a href=\"https:\/\/jj.yiddish.paris\/wp-content\/uploads\/2021\/10\/JJ3_Elia-Fisbein_s-1024x680.jpg\"><img loading=\"lazy\" decoding=\"async\" width=\"1024\" height=\"680\" src=\"https:\/\/jj.yiddish.paris\/wp-content\/uploads\/2021\/10\/JJ3_Elia-Fisbein_s-1024x680.jpg\" alt=\"\" data-id=\"174\" data-full-url=\"https:\/\/jj.yiddish.paris\/wp-content\/uploads\/2021\/10\/JJ3_Elia-Fisbein_s.jpg\" data-link=\"https:\/\/jj.yiddish.paris\/?attachment_id=174\" class=\"wp-image-250\" srcset=\"https:\/\/jj.yiddish.paris\/wp-content\/uploads\/2021\/10\/JJ3_Elia-Fisbein_s-1024x680.jpg 1024w, https:\/\/jj.yiddish.paris\/wp-content\/uploads\/2021\/10\/JJ3_Elia-Fisbein_s-300x199.jpg 300w, https:\/\/jj.yiddish.paris\/wp-content\/uploads\/2021\/10\/JJ3_Elia-Fisbein_s-768x510.jpg 768w, https:\/\/jj.yiddish.paris\/wp-content\/uploads\/2021\/10\/JJ3_Elia-Fisbein_s-1536x1020.jpg 1536w, https:\/\/jj.yiddish.paris\/wp-content\/uploads\/2021\/10\/JJ3_Elia-Fisbein_s.jpg 2000w\" sizes=\"auto, (max-width: 767px) 89vw, (max-width: 1000px) 54vw, (max-width: 1071px) 543px, 580px\" \/><\/a><\/figure><\/li><li class=\"blocks-gallery-item\"><figure><a href=\"https:\/\/jj.yiddish.paris\/wp-content\/uploads\/2021\/10\/JJ4_Elia-Fisbein_s-684x1024.jpg\"><img loading=\"lazy\" decoding=\"async\" width=\"684\" height=\"1024\" src=\"https:\/\/jj.yiddish.paris\/wp-content\/uploads\/2021\/10\/JJ4_Elia-Fisbein_s-684x1024.jpg\" alt=\"\" data-id=\"175\" data-full-url=\"https:\/\/jj.yiddish.paris\/wp-content\/uploads\/2021\/10\/JJ4_Elia-Fisbein_s.jpg\" data-link=\"https:\/\/jj.yiddish.paris\/?attachment_id=175\" class=\"wp-image-251\" srcset=\"https:\/\/jj.yiddish.paris\/wp-content\/uploads\/2021\/10\/JJ4_Elia-Fisbein_s-684x1024.jpg 684w, https:\/\/jj.yiddish.paris\/wp-content\/uploads\/2021\/10\/JJ4_Elia-Fisbein_s-200x300.jpg 200w, https:\/\/jj.yiddish.paris\/wp-content\/uploads\/2021\/10\/JJ4_Elia-Fisbein_s-768x1150.jpg 768w, https:\/\/jj.yiddish.paris\/wp-content\/uploads\/2021\/10\/JJ4_Elia-Fisbein_s-1026x1536.jpg 1026w, https:\/\/jj.yiddish.paris\/wp-content\/uploads\/2021\/10\/JJ4_Elia-Fisbein_s.jpg 1336w\" sizes=\"auto, (max-width: 684px) 100vw, 684px\" \/><\/a><\/figure><\/li><\/ul><\/figure>\n\n\n\n<p>Photos by <strong>Elia Fisbein<\/strong>.<\/p>\n","protected":false},"excerpt":{"rendered":"<p>The play was performed at Th\u00e9\u00e2tre de l&#8217;Opprim\u00e9 (Paris) from October 13 to 17, 2021 and from February 8 to 12, 2023, to a full house. Photos by Elia Fisbein.<\/p>\n","protected":false},"author":2,"featured_media":0,"parent":0,"menu_order":0,"comment_status":"closed","ping_status":"closed","template":"","meta":{"footnotes":""},"class_list":["post-254","page","type-page","status-publish","hentry"],"aioseo_notices":[],"_links":{"self":[{"href":"https:\/\/jj.yiddish.paris\/en\/wp-json\/wp\/v2\/pages\/254","targetHints":{"allow":["GET"]}}],"collection":[{"href":"https:\/\/jj.yiddish.paris\/en\/wp-json\/wp\/v2\/pages"}],"about":[{"href":"https:\/\/jj.yiddish.paris\/en\/wp-json\/wp\/v2\/types\/page"}],"author":[{"embeddable":true,"href":"https:\/\/jj.yiddish.paris\/en\/wp-json\/wp\/v2\/users\/2"}],"replies":[{"embeddable":true,"href":"https:\/\/jj.yiddish.paris\/en\/wp-json\/wp\/v2\/comments?post=254"}],"version-history":[{"count":8,"href":"https:\/\/jj.yiddish.paris\/en\/wp-json\/wp\/v2\/pages\/254\/revisions"}],"predecessor-version":[{"id":452,"href":"https:\/\/jj.yiddish.paris\/en\/wp-json\/wp\/v2\/pages\/254\/revisions\/452"}],"wp:attachment":[{"href":"https:\/\/jj.yiddish.paris\/en\/wp-json\/wp\/v2\/media?parent=254"}],"curies":[{"name":"wp","href":"https:\/\/api.w.org\/{rel}","templated":true}]}}